{"id":1505,"date":"2025-11-17T12:15:08","date_gmt":"2025-11-17T12:15:08","guid":{"rendered":"https:\/\/dac-sile.pl\/mam-prawo\/newsletter\/"},"modified":"2025-11-17T12:15:08","modified_gmt":"2025-11-17T12:15:08","slug":"newsletter","status":"publish","type":"page","link":"https:\/\/dac-sile.pl\/mam-prawo\/newsletter\/","title":{"rendered":"Newsletter"},"content":{"rendered":"<div class=\"tnp tnp-subscription \">\n<form method=\"post\" action=\"https:\/\/dac-sile.pl\/mam-prawo\/wp-admin\/admin-ajax.php?action=tnp&amp;na=s\">\n<input type=\"hidden\" name=\"nlang\" value=\"\">\n<div class=\"tnp-field tnp-field-email\"><label for=\"tnp-1\">E-mail<\/label>\n<input class=\"tnp-email\" type=\"email\" name=\"ne\" id=\"tnp-1\" value=\"\" placeholder=\"\" required><\/div>\n<div class=\"tnp-field tnp-privacy-field\"><label><input type=\"checkbox\" name=\"ny\" required class=\"tnp-privacy\"> <a target=\"_blank\" href=\"https:\/\/dac-sile.pl\/mam-prawo\/polityka-prywatnosci\/\">Akceptuj\u0119 polityk\u0119 prywatno\u015bci<\/a><\/label><\/div><div class=\"tnp-field tnp-field-button\" style=\"text-align: left\"><input class=\"tnp-submit\" type=\"submit\" value=\"Subskrybuj\" style=\"\">\n<\/div>\n<\/form>\n<\/div>\n\n","protected":false},"excerpt":{"rendered":"","protected":false},"author":1,"featured_media":0,"parent":0,"menu_order":0,"comment_status":"closed","ping_status":"closed","template":"","meta":{"_tec_requires_first_save":true,"_kad_blocks_custom_css":"","_kad_blocks_head_custom_js":"","_kad_blocks_body_custom_js":"","_kad_blocks_footer_custom_js":"","_EventAllDay":false,"_EventTimezone":"","_EventStartDate":"","_EventEndDate":"","_EventStartDateUTC":"","_EventEndDateUTC":"","_EventShowMap":false,"_EventShowMapLink":false,"_EventURL":"","_EventCost":"","_EventCostDescription":"","_EventCurrencySymbol":"","_EventCurrencyCode":"","_EventCurrencyPosition":"","_EventDateTimeSeparator":"","_EventTimeRangeSeparator":"","_EventOrganizerID":[],"_EventVenueID":[],"_OrganizerEmail":"","_OrganizerPhone":"","_OrganizerWebsite":"","_VenueAddress":"","_VenueCity":"","_VenueCountry":"","_VenueProvince":"","_VenueState":"","_VenueZip":"","_VenuePhone":"","_VenueURL":"","_VenueStateProvince":"","_VenueLat":"","_VenueLng":"","_VenueShowMap":false,"_VenueShowMapLink":false,"_tribe_blocks_recurrence_rules":"","_tribe_blocks_recurrence_description":"","_tribe_blocks_recurrence_exclusions":"","_kadence_starter_templates_imported_post":false,"_kad_post_transparent":"","_kad_post_title":"","_kad_post_layout":"","_kad_post_sidebar_id":"","_kad_post_content_style":"","_kad_post_vertical_padding":"","_kad_post_feature":"","_kad_post_feature_position":"","_kad_post_header":false,"_kad_post_footer":false,"_kad_post_classname":"","footnotes":""},"class_list":["post-1505","page","type-page","status-publish","hentry"],"taxonomy_info":[],"featured_image_src_large":false,"author_info":{"display_name":"admin","author_link":"https:\/\/dac-sile.pl\/mam-prawo\/author\/admin\/"},"comment_info":0,"_links":{"self":[{"href":"https:\/\/dac-sile.pl\/mam-prawo\/wp-json\/wp\/v2\/pages\/1505","targetHints":{"allow":["GET"]}}],"collection":[{"href":"https:\/\/dac-sile.pl\/mam-prawo\/wp-json\/wp\/v2\/pages"}],"about":[{"href":"https:\/\/dac-sile.pl\/mam-prawo\/wp-json\/wp\/v2\/types\/page"}],"author":[{"embeddable":true,"href":"https:\/\/dac-sile.pl\/mam-prawo\/wp-json\/wp\/v2\/users\/1"}],"replies":[{"embeddable":true,"href":"https:\/\/dac-sile.pl\/mam-prawo\/wp-json\/wp\/v2\/comments?post=1505"}],"version-history":[{"count":0,"href":"https:\/\/dac-sile.pl\/mam-prawo\/wp-json\/wp\/v2\/pages\/1505\/revisions"}],"wp:attachment":[{"href":"https:\/\/dac-sile.pl\/mam-prawo\/wp-json\/wp\/v2\/media?parent=1505"}],"curies":[{"name":"wp","href":"https:\/\/api.w.org\/{rel}","templated":true}]}}